{"id":15,"date":"2025-11-05T10:16:19","date_gmt":"2025-11-05T10:16:19","guid":{"rendered":"https:\/\/greenthermasystem.es\/?page_id=15"},"modified":"2025-12-05T08:44:16","modified_gmt":"2025-12-05T08:44:16","slug":"inicio","status":"publish","type":"page","link":"https:\/\/greenthermasystem.es\/","title":{"rendered":"INICIO"},"content":{"rendered":"\n<h2  data-animation-delay=\"0\" data-animation-duration=\"1\">\n\t\t\tESTUFAS DE PELLET ZARAGOZA\t<\/h2>\n<h1  data-animation-delay=\"0\" data-animation-duration=\"1\">\n\t\t\t\u00bfTu estufa de pellet necesita mantenimiento antes del invierno?\t<\/h1>\n\t\t\t\t<img decoding=\"async\" src=\"https:\/\/greenthermasystem.es\/wp-content\/uploads\/2025\/11\/madera.png\" alt=\"madera\" itemprop=\"image\" height=\"256\" width=\"256\" title=\"madera\" onerror=\"this.style.display='none'\" loading=\"lazy\" \/>\n<h2>\n\t\t\tInstalaci\u00f3n de estufas pellet\t<\/h2>\n\t\t\t\t<img decoding=\"async\" src=\"https:\/\/greenthermasystem.es\/wp-content\/uploads\/2025\/11\/calor.png\" alt=\"calor\" itemprop=\"image\" height=\"256\" width=\"256\" title=\"calor\" onerror=\"this.style.display='none'\" loading=\"lazy\" \/>\n<h2>\n\t\t\tMantenimiento de estufas pellet\t<\/h2>\n\t\t\t\t<img decoding=\"async\" src=\"https:\/\/greenthermasystem.es\/wp-content\/uploads\/2025\/11\/caldera.png\" alt=\"caldera\" itemprop=\"image\" height=\"256\" width=\"256\" title=\"caldera\" onerror=\"this.style.display='none'\" loading=\"lazy\" \/>\n<h2>\n\t\t\tCalderas de gas\u00f3leo y gas\t<\/h2>\n\t\t\t\t<img decoding=\"async\" src=\"https:\/\/greenthermasystem.es\/wp-content\/uploads\/2025\/11\/calefaccion.png\" alt=\"calefaccion\" itemprop=\"image\" height=\"256\" width=\"256\" title=\"calefaccion\" onerror=\"this.style.display='none'\" loading=\"lazy\" \/>\n<h2>\n\t\t\tGeotermia <br \/>y aerotermia\t<\/h2>\n<h1  data-animation-delay=\"0\" data-animation-duration=\"1\">\n\t\t\tOfrecemos servicio t\u00e9cnico multi-marca\t<\/h1>\n<h2  data-animation-delay=\"0\" data-animation-duration=\"1\">\n\t\t\tEstamos especializados en <b>estufas y calderas<\/b> de Biomasa, le\u00f1a y energ\u00edas renovables.\t<\/h2>\n\t<p>Actualmente somos una de las pocas empresas del sector en certificaci\u00f3n de los <strong>\u00a0sellos de calidad ISO 9001:2000 y medio ambiente ISO 14001:2004<\/strong>\u00a0en relaci\u00f3n con la\u00a0venta e\u00a0instalaci\u00f3n de estufas y calderas de biomasa.<\/p>\n\t\t\t<a href=\"\" target=\"_self\">\n\t\t\t\t\t\t\tPide tu presupuesto\n\t\t\t\t\t<\/a>\n\t\t\t<a href=\"https:\/\/todobiomasa.es\/\" target=\"_blank\" rel=\"noopener\">\n\t\t\t\t\t\t\tM\u00e1s info.\n\t\t\t\t\t<\/a>\n<h1  data-animation-delay=\"0\" data-animation-duration=\"1\">\n\t\t\tPreguntas frecuentes\t<\/h1>\n\t\t\t\t\t\t\t\t\t\t<h4 tabindex=\"0\">\u00bfQu\u00e9 es la Biomasa?<\/h4>\n\t\t\t\t\t<p>La\u00a0<strong>biomasa<\/strong>\u00a0es la utilizaci\u00f3n de la materia org\u00e1nica como fuente energ\u00e9tica.<\/p>\n<p>En el caso que nos ocupa, la biomasa puede definirse\u00a0como la\u00a0<strong>materia org\u00e1nica<\/strong>\u00a0originada en un proceso biol\u00f3gico que es utilizable como fuente de energ\u00eda. Esta clase de recursos biom\u00e1sicos suele agruparse de forma general en agr\u00edcolas y forestales (desde c\u00e1scara de almendra hasta el famoso pellet). Buena parte de los\u00a0<strong>aparatos<\/strong>\u00a0quemadores de biomasa son\u00a0<strong>compatibles con distintas clases<\/strong>\u00a0de la misma, aunque lo m\u00e1s habitual es utilizar pellet procesado.<\/p>\n<p>Es una de las energ\u00edas renovables con m\u00e1s futuro del mercado, ya que<strong>\u00a0podemos lograr hasta reducciones del 50 y 60% de energ\u00eda y consumo el\u00e9ctrico.<\/strong><\/p>\n\t\t\t\t\t\t\t\t\t\t<h4 tabindex=\"0\">\u00bfQu\u00e9 tener en cuenta para elegir una caldera o estufa de biomasa?<\/h4>\n\t\t\t\t\t<p>Hay muchas caracter\u00edsticas que definen a las calderas y especialmente las estufas de biomasa. Sin embargo hay algunas que son especialmente relevantes y pueden marcar la diferencia a la hora de encontrar un producto adaptado a nuestras necesidades.<\/p>\n<h4>Potencia (kw)<\/h4>\n<p>Nos indica la capacidad calor\u00edfica de la estufa o caldera. Elegir la adecuada depende de varios factores, aunque lo m\u00e1s importante son los metros cuadrados que es necesario calentar. Para ello puede usar la\u00a0<a title=\"calculadora de instalaci\u00f3n biomasa\" href=\"http:\/\/ecoforest.es\/espanol\/productos\/calculadora-de-necesidades-termicas.php?cur=37\" target=\"_blank\" rel=\"noopener noreferrer\"><strong>calculadora de instalaci\u00f3n<\/strong><\/a>\u00a0Ecoforest\u00ae.<\/p>\n<h4>Rendimiento (%)<\/h4>\n<p>Define el porcentaje de energ\u00eda emitida en forma de calor respecto a la consumida por la m\u00e1quina. La biomasa puede conseguir sin problemas rendimientos de m\u00e1s del 84%, algo impensable en las estufas de le\u00f1a.<\/p>\n<h4>Consumo (gr\/h)<\/h4>\n<p>Este dato nos va a dar una idea del coste real de calentar nuestra casa. Calculando el consumo sabremos el n\u00famero de sacos mensuales de pellet necesarios, y de este modo obtenemos el precio del combustible y el ahorro real. No dude en consultarnos el\u00a0<a title=\"Precio del pellet\" href=\"https:\/\/todobiomasa.es\/venta-de-pellets\/\">precio del pellet aqu\u00ed<\/a>.<\/p>\n<h4>Conectividad (wifi)<\/h4>\nComprar una estufa de pellet con WIFI u otro tipo de conectividad es importante puesto que nos permite encenderla y programarla desde cualquier dispositivo (m\u00f3vil, tablet&#8230;). De este modo cuando lleguemos al hogar la casa ya estar\u00e1 caliente.\n\t\t\t\t\t\t\t\t\t\t<h4 tabindex=\"0\">\u00bfQu\u00e9 estufa de pellets necesito para 100 metros\u202fcuadrados?<\/h4>\n\t\t\t\t\t<p>Depende de varios factores (aislamiento, altura del techo, clima), pero como regla general una vivienda bien aislada de ~100\u202fm\u00b2 necesita una estufa con una potencia entre <strong data-start=\"504\" data-end=\"520\">7\u202fkW y 10\u202fkW.<\/strong><\/p>\n<p>\u00a0Si tu casa no est\u00e1 muy aislada o tiene techos altos, puede que necesites algo m\u00e1s potente o una estufa canalizable para distribuir el calor mejor.<\/p>\n<p>Ll\u00e1manos y te asesoraremos al momento. <a href=\"callto:665925910\">665 925 910<\/a><\/p>\n\t\t\t\t\t\t\t\t\t\t<h4 tabindex=\"0\">\u00bfQu\u00e9 gasto de luz tiene una estufa de pellets?<\/h4>\n\t\t\t\t\t<p>Las estufas de pellets consumen poca electricidad. Durante su funcionamiento suelen estar entre <strong data-start=\"867\" data-end=\"882\">100 y 500 W<\/strong>, seg\u00fan el modelo.<\/p>\n<p><br data-start=\"938\" data-end=\"941\" \/>Por ejemplo, con un consumo medio de ~150 W, la factura el\u00e9ctrica por usarla 10\u202fhoras al d\u00eda ser\u00eda solo unos c\u00e9ntimos al d\u00eda, dependiendo de tu tarifa.<\/p>\n<p><br data-start=\"1130\" data-end=\"1133\" \/>El mayor consumo el\u00e9ctrico ocurre al encender la resistencia, puede subir temporalmente (hasta ~400 W)\u00a0pero luego baja cuando la estufa est\u00e1 en modo estable.<\/p>\n<p>Ll\u00e1manos y te asesoraremos al momento. <a href=\"callto:665925910\">665 925 910<\/a><\/p>\n\t\t\t\t\t\t\t\t\t\t<h4 tabindex=\"0\">\u00bfCu\u00e1nto duran 15\u202fkg de pellets en una estufa?<\/h4>\n\t\t\t\t\tDepende del consumo por hora, que a su vez depende de la potencia y del ajuste de la estufa. En general:\n<ul data-start=\"4114\" data-end=\"4505\">\n<li data-start=\"4114\" data-end=\"4239\">\nUna estufa puede consumir entre <strong data-start=\"4148\" data-end=\"4166\">0,6 y 2 kg\/h<\/strong>, seg\u00fan potencia y modo de uso. Si tomamos un consumo medio de 1\u202fkg\/h, un saco de <strong data-start=\"4292\" data-end=\"4301\">15 kg<\/strong> durar\u00eda <strong data-start=\"4310\" data-end=\"4338\">aproximadamente 15 horas<\/strong>. Eso puede traducirse a <strong data-start=\"4363\" data-end=\"4382\">2\u20113 d\u00edas de uso<\/strong>, dependiendo de cu\u00e1ntas horas al d\u00eda mantengas la estufa encendida.\n<\/li>\n<\/ul>\n<p>Ll\u00e1manos y te asesoraremos al momento. <a href=\"callto:665925910\">665 925 910<\/a><\/p>\n\n","protected":false},"excerpt":{"rendered":"<p>ESTUFAS DE PELLET ZARAGOZA \u00bfTu estufa de pellet necesita mantenimiento antes del invierno? Instalaci\u00f3n de estufas pellet Mantenimiento de estufas pellet Calderas de gas\u00f3leo y gas Geotermia y aerotermia Ofrecemos servicio t\u00e9cnico multi-marca Estamos especializados en estufas y calderas de Biomasa, le\u00f1a y energ\u00edas renovables. Actualmente somos una de las pocas empresas del sector en&hellip;<\/p>\n","protected":false},"author":1,"featured_media":0,"parent":0,"menu_order":0,"comment_status":"closed","ping_status":"closed","template":"","meta":{"_joinchat":[],"footnotes":""},"class_list":["post-15","page","type-page","status-publish","hentry"],"_links":{"self":[{"href":"https:\/\/greenthermasystem.es\/index.php?rest_route=\/wp\/v2\/pages\/15","targetHints":{"allow":["GET"]}}],"collection":[{"href":"https:\/\/greenthermasystem.es\/index.php?rest_route=\/wp\/v2\/pages"}],"about":[{"href":"https:\/\/greenthermasystem.es\/index.php?rest_route=\/wp\/v2\/types\/page"}],"author":[{"embeddable":true,"href":"https:\/\/greenthermasystem.es\/index.php?rest_route=\/wp\/v2\/users\/1"}],"replies":[{"embeddable":true,"href":"https:\/\/greenthermasystem.es\/index.php?rest_route=%2Fwp%2Fv2%2Fcomments&post=15"}],"version-history":[{"count":11,"href":"https:\/\/greenthermasystem.es\/index.php?rest_route=\/wp\/v2\/pages\/15\/revisions"}],"predecessor-version":[{"id":368,"href":"https:\/\/greenthermasystem.es\/index.php?rest_route=\/wp\/v2\/pages\/15\/revisions\/368"}],"wp:attachment":[{"href":"https:\/\/greenthermasystem.es\/index.php?rest_route=%2Fwp%2Fv2%2Fmedia&parent=15"}],"curies":[{"name":"wp","href":"https:\/\/api.w.org\/{rel}","templated":true}]}}